{"id":668,"date":"2024-01-11T10:21:10","date_gmt":"2024-01-11T09:21:10","guid":{"rendered":"http:\/\/www.elsoc.lu\/?page_id=668"},"modified":"2024-01-23T12:35:03","modified_gmt":"2024-01-23T11:35:03","slug":"groupe-6-administrations-et-entreprises-publiques","status":"publish","type":"page","link":"https:\/\/www.elsoc.lu\/pt\/chambre-des-salaries\/candidat-e-s\/groupe-6-administrations-et-entreprises-publiques\/","title":{"rendered":"Grupo 6 &#8211; Administra\u00e7\u00f5es e empresas p\u00fablicas"},"content":{"rendered":"","protected":false},"excerpt":{"rendered":"","protected":false},"author":3,"featured_media":0,"parent":335,"menu_order":7,"comment_status":"closed","ping_status":"closed","template":"template-sidebar.php","meta":{"inline_featured_image":false,"footnotes":""},"acf":[],"_links":{"self":[{"href":"https:\/\/www.elsoc.lu\/pt\/wp-json\/wp\/v2\/pages\/668"}],"collection":[{"href":"https:\/\/www.elsoc.lu\/pt\/wp-json\/wp\/v2\/pages"}],"about":[{"href":"https:\/\/www.elsoc.lu\/pt\/wp-json\/wp\/v2\/types\/page"}],"author":[{"embeddable":true,"href":"https:\/\/www.elsoc.lu\/pt\/wp-json\/wp\/v2\/users\/3"}],"replies":[{"embeddable":true,"href":"https:\/\/www.elsoc.lu\/pt\/wp-json\/wp\/v2\/comments?post=668"}],"version-history":[{"count":11,"href":"https:\/\/www.elsoc.lu\/pt\/wp-json\/wp\/v2\/pages\/668\/revisions"}],"predecessor-version":[{"id":1311,"href":"https:\/\/www.elsoc.lu\/pt\/wp-json\/wp\/v2\/pages\/668\/revisions\/1311"}],"up":[{"embeddable":true,"href":"https:\/\/www.elsoc.lu\/pt\/wp-json\/wp\/v2\/pages\/335"}],"wp:attachment":[{"href":"https:\/\/www.elsoc.lu\/pt\/wp-json\/wp\/v2\/media?parent=668"}],"curies":[{"name":"wp","href":"https:\/\/api.w.org\/{rel}","templated":true}]}}