{"id":130,"date":"2023-11-28T12:43:29","date_gmt":"2023-11-28T12:43:29","guid":{"rendered":"http:\/\/www.elsoc.lu\/?page_id=130"},"modified":"2024-02-20T11:45:07","modified_gmt":"2024-02-20T10:45:07","slug":"accueil","status":"publish","type":"page","link":"https:\/\/www.elsoc.lu\/pt\/","title":{"rendered":"Index"},"content":{"rendered":"<p>As elei\u00e7\u00f5es sociais s\u00e3o um dos pilares da democracia, e permitem fazer ouvir a sua voz ao eleger os seus representantes na sua empresa e na C\u00e2mara dos Assalariados.<\/p>\n<p><strong>Aproveite plenamente o seu direito de voto!<\/strong><\/p>","protected":false},"excerpt":{"rendered":"<p>As elei\u00e7\u00f5es sociais s\u00e3o um dos pilares da democracia, e permitem fazer ouvir a sua voz ao eleger os seus \u2026<\/p>\n","protected":false},"author":2,"featured_media":0,"parent":0,"menu_order":5,"comment_status":"closed","ping_status":"closed","template":"template-landing-page.php","meta":{"inline_featured_image":false,"footnotes":""},"acf":[],"_links":{"self":[{"href":"https:\/\/www.elsoc.lu\/pt\/wp-json\/wp\/v2\/pages\/130"}],"collection":[{"href":"https:\/\/www.elsoc.lu\/pt\/wp-json\/wp\/v2\/pages"}],"about":[{"href":"https:\/\/www.elsoc.lu\/pt\/wp-json\/wp\/v2\/types\/page"}],"author":[{"embeddable":true,"href":"https:\/\/www.elsoc.lu\/pt\/wp-json\/wp\/v2\/users\/2"}],"replies":[{"embeddable":true,"href":"https:\/\/www.elsoc.lu\/pt\/wp-json\/wp\/v2\/comments?post=130"}],"version-history":[{"count":28,"href":"https:\/\/www.elsoc.lu\/pt\/wp-json\/wp\/v2\/pages\/130\/revisions"}],"predecessor-version":[{"id":1540,"href":"https:\/\/www.elsoc.lu\/pt\/wp-json\/wp\/v2\/pages\/130\/revisions\/1540"}],"wp:attachment":[{"href":"https:\/\/www.elsoc.lu\/pt\/wp-json\/wp\/v2\/media?parent=130"}],"curies":[{"name":"wp","href":"https:\/\/api.w.org\/{rel}","templated":true}]}}